{"id":28,"date":"2024-04-09T01:11:27","date_gmt":"2024-04-09T00:11:27","guid":{"rendered":"https:\/\/salsafusionstudio.com\/?page_id=28"},"modified":"2026-01-14T15:07:24","modified_gmt":"2026-01-14T14:07:24","slug":"homepage","status":"publish","type":"page","link":"https:\/\/salsafusionstudio.com\/","title":{"rendered":"Home"},"content":{"rendered":"\n<div class=\"wp-block-cover alignfull is-light\" style=\"min-height:100vh\"><span aria-hidden=\"true\" class=\"wp-block-cover__background has-background-dim-20 has-background-dim\"><\/span><video class=\"wp-block-cover__video-background intrinsic-ignore\" autoplay muted loop playsinline src=\"http:\/\/salsafusionstudio.com\/wp-content\/uploads\/2024\/04\/web-video.mp4\" data-object-fit=\"cover\"><\/video><div class=\"wp-block-cover__inner-container has-global-padding is-layout-constrained wp-block-cover-is-layout-constrained\">\n<p class=\"has-text-align-center has-white-color has-text-color has-max-60-font-size\" style=\"font-style:normal;font-weight:900;line-height:1.2\"><strong>Music. Dance. Connection.<\/strong><\/p>\n\n\n\n<p class=\"has-text-align-center has-white-color has-text-color has-medium-font-size\">Salsa NY style \/ Mambo * Salsa Fusion * Ladies Styling * Latin Jazz * Afro Cuban * Cha Cha Cha<\/p>\n\n\n\n<div class=\"wp-block-buttons is-content-justification-center is-layout-flex wp-container-core-buttons-layout-1 wp-block-buttons-is-layout-flex\">\n<div class=\"wp-block-button is-style-outline\"><a class=\"wp-block-button__link has-white-color has-text-color wp-element-button\" href=\"https:\/\/salsafusionstudio.com\/index.php\/raspored\/\" style=\"border-radius:0px\" target=\"_blank\" rel=\"noreferrer noopener\">Nova po\u010detna grupa zapo\u010dinje 02. velja\u010de!<\/a><\/div>\n<\/div>\n<\/div><\/div>\n\n\n\n<div id=\"news\" class=\"wp-block-group has-global-padding is-layout-constrained wp-block-group-is-layout-constrained\">\n<div style=\"height:100px\" aria-hidden=\"true\" class=\"wp-block-spacer\"><\/div>\n\n\n\n<h2 class=\"wp-block-heading\" id=\"inspiro-is-a-digital-product-agency-that-focuses-on-strategy-and-design\">Jedina salsa \u0161kola u Zagrebu koja se specijalizira za NY stil salse (&#8220;salsa on 2&#8221;).<\/h2>\n\n\n\n<p>Cilj nam je stvaranje kompletnih (salsa) plesa\u010da fokusiraju\u0107i se na kvaliteti i dinamici pokreta, tehnici, muzikalnosti i razumijevanju glazbe. Nudimo te\u010dajeve salse \u201con 2\u201d za po\u010detne, srednje i napredne plesa\u010de, lady styling, salsa shines, movement, salsa fusion i jo\u0161 puno toga.<\/p>\n\n\n\n<div style=\"height:100px\" aria-hidden=\"true\" class=\"wp-block-spacer\"><\/div>\n\n\n\n<h2 class=\"wp-block-heading\">PO\u010cETNI TE\u010cAJ SALSE<\/h2>\n\n\n\n<p><strong>Novi po\u010detni te\u010daj salse<\/strong> zapo\u010dinje u velja\u010di! Po\u010dinjemo s prvim satom u ponedjeljak,<strong> 02. velja\u010de<\/strong>, a te\u010daj \u0107e se odr\u017eavati <strong>ponedjeljkom od 20:15 do 21:45 <\/strong>h. Prijaviti nam se mo\u017eete porukom na telefonski broj 098518991 ili putem e-maila natasha.salsafusion@gmail.com. Po\u017eurite rezervirati svoje mjesto jer je broj mjesta ograni\u010den i pri prijavama upisujemo podjednak broj mu\u0161karaca i \u017eena. Po\u017eeljno je, ali nije potrebno prijaviti se u paru. Svi se na satu mijenjamo i ple\u0161u svi sa svima. \ud83d\ude42<br>Za dodatna pitanja smo na raspolaganju putem gore navedenih kontakata.<\/p>\n\n\n\n<div style=\"height:0px\" aria-hidden=\"true\" class=\"wp-block-spacer\"><\/div>\n\n\n\n<div style=\"height:100px\" aria-hidden=\"true\" class=\"wp-block-spacer\"><\/div>\n\n\n\n<figure class=\"wp-block-embed is-type-video is-provider-youtube wp-block-embed-youtube wp-embed-aspect-16-9 wp-has-aspect-ratio\"><div class=\"wp-block-embed__wrapper\">\n<iframe loading=\"lazy\" title=\"Osam razloga zas\u030cto nauc\u030citi salsu na 2\" width=\"950\" height=\"534\" src=\"https:\/\/www.youtube.com\/embed\/88Gvso-bADs?feature=oembed\" frameborder=\"0\" allow=\"accelerometer; autoplay; clipboard-write; encrypted-media; gyroscope; picture-in-picture; web-share\" referrerpolicy=\"strict-origin-when-cross-origin\" allowfullscreen><\/iframe>\n<\/div><\/figure>\n\n\n\n<div style=\"height:100px\" aria-hidden=\"true\" class=\"wp-block-spacer\"><\/div>\n\n\n\n<figure class=\"wp-block-embed is-type-video is-provider-youtube wp-block-embed-youtube wp-embed-aspect-16-9 wp-has-aspect-ratio\"><div class=\"wp-block-embed__wrapper\">\n<iframe loading=\"lazy\" title=\"Cubano Chant - Salsa Fusion Ladies Choreo\" width=\"950\" height=\"534\" src=\"https:\/\/www.youtube.com\/embed\/APLWaXt_ab0?feature=oembed\" frameborder=\"0\" allow=\"accelerometer; autoplay; clipboard-write; encrypted-media; gyroscope; picture-in-picture; web-share\" referrerpolicy=\"strict-origin-when-cross-origin\" allowfullscreen><\/iframe>\n<\/div><\/figure>\n\n\n\n<div style=\"height:100px\" aria-hidden=\"true\" class=\"wp-block-spacer\"><\/div>\n\n\n\n<figure class=\"wp-block-embed is-type-video is-provider-youtube wp-block-embed-youtube wp-embed-aspect-16-9 wp-has-aspect-ratio\"><div class=\"wp-block-embed__wrapper\">\n<iframe loading=\"lazy\" title=\"Pura Candela - Project by Salsa Fusion\" width=\"950\" height=\"534\" src=\"https:\/\/www.youtube.com\/embed\/giAEiPWpSz0?feature=oembed\" frameborder=\"0\" allow=\"accelerometer; autoplay; clipboard-write; encrypted-media; gyroscope; picture-in-picture; web-share\" referrerpolicy=\"strict-origin-when-cross-origin\" allowfullscreen><\/iframe>\n<\/div><\/figure>\n\n\n\n<h2 class=\"wp-block-heading has-text-align-left\"><\/h2>\n\n\n\n<div style=\"height:33px\" aria-hidden=\"true\" class=\"wp-block-spacer\"><\/div>\n\n\n\n<div class=\"wp-block-query is-layout-flow wp-block-query-is-layout-flow\"><\/div>\n\n\n\n<div style=\"height:85px\" aria-hidden=\"true\" class=\"wp-block-spacer\"><\/div>\n<\/div>\n","protected":false},"excerpt":{"rendered":"<p>Jedina salsa \u0161kola u Zagrebu koja se specijalizira za NY stil salse (&#8220;salsa on 2&#8221;). Cilj nam je stvaranje kompletnih (salsa) plesa\u010da fokusiraju\u0107i se na kvaliteti i dinamici pokreta, tehnici, muzikalnosti i razumijevanju glazbe. Nudimo te\u010dajeve salse \u201con 2\u201d za po\u010detne, srednje i napredne plesa\u010de, lady styling, salsa shines, movement, salsa fusion i jo\u0161 puno &hellip; <\/p>\n<p class=\"link-more\"><a href=\"https:\/\/salsafusionstudio.com\/\" class=\"more-link\">Read more<span class=\"screen-reader-text\"> &#8220;Home&#8221;<\/span><\/a><\/p>\n","protected":false},"author":1,"featured_media":0,"parent":0,"menu_order":0,"comment_status":"closed","ping_status":"closed","template":"page-templates\/homepage-no-hero.php","meta":{"footnotes":""},"_links":{"self":[{"href":"https:\/\/salsafusionstudio.com\/index.php\/wp-json\/wp\/v2\/pages\/28"}],"collection":[{"href":"https:\/\/salsafusionstudio.com\/index.php\/wp-json\/wp\/v2\/pages"}],"about":[{"href":"https:\/\/salsafusionstudio.com\/index.php\/wp-json\/wp\/v2\/types\/page"}],"author":[{"embeddable":true,"href":"https:\/\/salsafusionstudio.com\/index.php\/wp-json\/wp\/v2\/users\/1"}],"replies":[{"embeddable":true,"href":"https:\/\/salsafusionstudio.com\/index.php\/wp-json\/wp\/v2\/comments?post=28"}],"version-history":[{"count":21,"href":"https:\/\/salsafusionstudio.com\/index.php\/wp-json\/wp\/v2\/pages\/28\/revisions"}],"predecessor-version":[{"id":160,"href":"https:\/\/salsafusionstudio.com\/index.php\/wp-json\/wp\/v2\/pages\/28\/revisions\/160"}],"wp:attachment":[{"href":"https:\/\/salsafusionstudio.com\/index.php\/wp-json\/wp\/v2\/media?parent=28"}],"curies":[{"name":"wp","href":"https:\/\/api.w.org\/{rel}","templated":true}]}}