{"id":29,"date":"2024-04-09T01:11:27","date_gmt":"2024-04-09T00:11:27","guid":{"rendered":"https:\/\/salsafusionstudio.com\/?page_id=29"},"modified":"2025-08-26T00:32:42","modified_gmt":"2025-08-25T22:32:42","slug":"about","status":"publish","type":"page","link":"https:\/\/salsafusionstudio.com\/index.php\/about\/","title":{"rendered":"O nama"},"content":{"rendered":"\n<h2 class=\"wp-block-heading has-large-font-size\" id=\"inspiro-is-a-digital-product-agency-that-focuses-on-strategy-and-design\" style=\"font-style:normal;font-weight:100\">Jedina salsa \u0161kola u Zagrebu koja se specijalizira za NY stil salse (salsu na 2).<\/h2>\n\n\n\n<p>Salsa Fusion studio je osnovan 2017. godine pod vodstvom Nata\u0161e Pavi\u0107evi\u0107. Cilj nam je stvaranje kompletnih (salsa) plesa\u010da fokusiraju\u0107i se na kvaliteti i dinamici pokreta, tehnici, muzikalnosti i razumijevanju glazbe. Nudimo te\u010dajeve salse &#8220;on 2&#8221; za po\u010detne, srednje i napredne plesa\u010de, lady styling, salsa shines, movement, salsa fusion i jo\u0161 puno toga.<br><\/p>\n\n\n\n<p>\u017delimo nau\u010diti polaznike ne samo plesu, ve\u0107 ih upoznati bolje i s kulturom i povijesti salse, te im pribli\u017eiti tu glazbu. Iz tog razloga organiziramo i glazbene i teoretske radionice, te sura\u0111ujemo s mnogim vrhunskim instruktorima i glazbenicima kako bismo sve to povezali u jednu smislenu cjelinu i dali plesnu dodatnu dimenziju.<\/p>\n\n\n\n<div class=\"wp-block-columns alignwide is-layout-flex wp-container-core-columns-layout-1 wp-block-columns-is-layout-flex\">\n<div class=\"wp-block-column is-layout-flow wp-block-column-is-layout-flow\">\n<figure class=\"wp-block-image size-large\"><img loading=\"lazy\" decoding=\"async\" width=\"1024\" height=\"683\" src=\"https:\/\/salsafusionstudio.com\/wp-content\/uploads\/2024\/09\/PS522502-1024x683.jpg\" alt=\"\" class=\"wp-image-70\" srcset=\"https:\/\/salsafusionstudio.com\/wp-content\/uploads\/2024\/09\/PS522502-1024x683.jpg 1024w, https:\/\/salsafusionstudio.com\/wp-content\/uploads\/2024\/09\/PS522502-300x200.jpg 300w, https:\/\/salsafusionstudio.com\/wp-content\/uploads\/2024\/09\/PS522502-2000x1333.jpg 2000w\" sizes=\"(max-width: 1024px) 100vw, 1024px\" \/><\/figure>\n\n\n\n<p class=\"has-black-color has-text-color has-medium-font-size\"><\/p>\n<\/div>\n\n\n\n<div class=\"wp-block-column is-layout-flow wp-block-column-is-layout-flow\">\n<figure class=\"wp-block-image size-large\"><img loading=\"lazy\" decoding=\"async\" width=\"1024\" height=\"683\" src=\"http:\/\/salsafusionstudio.com\/wp-content\/uploads\/2024\/09\/543A5943-Enhanced-NR-1024x683.jpg\" alt=\"\" class=\"wp-image-71\" srcset=\"https:\/\/salsafusionstudio.com\/wp-content\/uploads\/2024\/09\/543A5943-Enhanced-NR-1024x683.jpg 1024w, https:\/\/salsafusionstudio.com\/wp-content\/uploads\/2024\/09\/543A5943-Enhanced-NR-300x200.jpg 300w, https:\/\/salsafusionstudio.com\/wp-content\/uploads\/2024\/09\/543A5943-Enhanced-NR-2000x1333.jpg 2000w\" sizes=\"(max-width: 1024px) 100vw, 1024px\" \/><\/figure>\n\n\n\n<p class=\"has-black-color has-text-color has-medium-font-size\"><\/p>\n<\/div>\n\n\n\n<div class=\"wp-block-column is-layout-flow wp-block-column-is-layout-flow\">\n<figure class=\"wp-block-image size-large\"><img loading=\"lazy\" decoding=\"async\" width=\"1024\" height=\"683\" src=\"https:\/\/salsafusionstudio.com\/wp-content\/uploads\/2024\/09\/543A6386-1024x683.jpg\" alt=\"\" class=\"wp-image-76\" style=\"object-fit:cover\" srcset=\"https:\/\/salsafusionstudio.com\/wp-content\/uploads\/2024\/09\/543A6386-1024x683.jpg 1024w, https:\/\/salsafusionstudio.com\/wp-content\/uploads\/2024\/09\/543A6386-300x200.jpg 300w, https:\/\/salsafusionstudio.com\/wp-content\/uploads\/2024\/09\/543A6386-2000x1333.jpg 2000w\" sizes=\"(max-width: 1024px) 100vw, 1024px\" \/><\/figure>\n<\/div>\n<\/div>\n\n\n\n<div class=\"wp-block-cover\" style=\"min-height:100vh\"><span aria-hidden=\"true\" class=\"wp-block-cover__background has-background-dim\"><\/span><img loading=\"lazy\" decoding=\"async\" width=\"1707\" height=\"2560\" class=\"wp-block-cover__image-background wp-image-143\" alt=\"\" src=\"http:\/\/salsafusionstudio.com\/wp-content\/uploads\/2025\/08\/IMG_0269-scaled.jpg\" style=\"object-position:46% 43%\" data-object-fit=\"cover\" data-object-position=\"46% 43%\" srcset=\"https:\/\/salsafusionstudio.com\/wp-content\/uploads\/2025\/08\/IMG_0269-scaled.jpg 1707w, https:\/\/salsafusionstudio.com\/wp-content\/uploads\/2025\/08\/IMG_0269-200x300.jpg 200w, https:\/\/salsafusionstudio.com\/wp-content\/uploads\/2025\/08\/IMG_0269-683x1024.jpg 683w, https:\/\/salsafusionstudio.com\/wp-content\/uploads\/2025\/08\/IMG_0269-2000x3000.jpg 2000w\" sizes=\"(max-width: 1707px) 100vw, 1707px\" \/><div class=\"wp-block-cover__inner-container is-layout-flow wp-block-cover-is-layout-flow\">\n<p>Nata\u0161a Pavi\u0107evi\u0107 voditeljica je i osniva\u010dica plesnog studija Salsa Fusion u Zagrebu. Ljubav<br>prema plesu zapo\u010dinje uz jazz dance prije vi\u0161e od 20 godina, dok se salsom po\u010dinje baviti prije<br>18 godina. Osim edukacije kod raznih doma\u0107ih pedagoga, konstantno poha\u0111a i razne radionice,<br>seminare i plesne festivale po cijeloj Europi i \u0161ire. U vi\u0161e navrata odlazi u New York na edukaciju<br>gdje se fokusira na NY stil salse, ali interes \u0161iri i na druge plesne stilove (street jazz, latin jazz,<br>house, hip hop, dancehall, afrohouse i dr.).<br>Upravo je ta ljubav prema razli\u010ditim plesnim stilovima ono \u0161to je isti\u010de kao plesa\u010dicu i<br>koreografkinju.<br>Salsa Fusion studio je nastao iz \u017eelje da se plesa\u010dima ponudi sveobuhvatna i kvalitetna<br>edukacija koja \u0107e, osim u plesu, plesa\u010de podu\u010davati o va\u017enosti razumijevanja glazbe, kulture i<br>povijesti salse i srodnih plesova.<br>Podu\u010davala je i nastupala na raznim hrvatskim festivalima (Salsa Beach Splash, Valentine\u2019s<br>Salsa Festival, Salsa Latina Istriana, Croatian Summer Salsa Festival), ali i na me\u0111unarodnim<br>(Ljubljana, London, Pariz, Istambul, Timisoara, Graz, Budimpe\u0161ta). <\/p>\n\n\n\n<p>Od 2024. godine organizira Zagreb Salsa Marathon, \u010dije se tre\u0107e izdanje odr\u017eava od 24. do 26. travnja 2026.<\/p>\n<\/div><\/div>\n\n\n\n<h3 class=\"wp-block-heading has-large-font-size\" id=\"inspiro-is-a-digital-product-agency-that-focuses-on-strategy-and-desig\" style=\"font-weight:300\"><\/h3>\n\n\n\n<figure class=\"wp-block-embed is-type-video is-provider-youtube wp-block-embed-youtube wp-embed-aspect-16-9 wp-has-aspect-ratio\"><div class=\"wp-block-embed__wrapper\">\n<iframe loading=\"lazy\" title=\"Se Necesita Rumbero - Salsa Fusion Project\" width=\"950\" height=\"534\" src=\"https:\/\/www.youtube.com\/embed\/MsBHPciSnMQ?feature=oembed\" frameborder=\"0\" allow=\"accelerometer; autoplay; clipboard-write; encrypted-media; gyroscope; picture-in-picture; web-share\" referrerpolicy=\"strict-origin-when-cross-origin\" allowfullscreen><\/iframe>\n<\/div><\/figure>\n\n\n\n<div style=\"height:100px\" aria-hidden=\"true\" class=\"wp-block-spacer\"><\/div>\n\n\n\n<figure class=\"wp-block-embed is-type-video is-provider-youtube wp-block-embed-youtube wp-embed-aspect-16-9 wp-has-aspect-ratio\"><div class=\"wp-block-embed__wrapper\">\n<iframe loading=\"lazy\" title=\"Cha cha cha fusion - Little L\" width=\"950\" height=\"534\" src=\"https:\/\/www.youtube.com\/embed\/WR8h2hzS6-A?feature=oembed\" frameborder=\"0\" allow=\"accelerometer; autoplay; clipboard-write; encrypted-media; gyroscope; picture-in-picture; web-share\" referrerpolicy=\"strict-origin-when-cross-origin\" allowfullscreen><\/iframe>\n<\/div><\/figure>\n\n\n\n<div style=\"height:100px\" aria-hidden=\"true\" class=\"wp-block-spacer\"><\/div>\n\n\n\n<figure class=\"wp-block-embed is-type-video is-provider-youtube wp-block-embed-youtube wp-embed-aspect-16-9 wp-has-aspect-ratio\"><div class=\"wp-block-embed__wrapper\">\n<iframe loading=\"lazy\" title=\"Salsa Fusion Choreo Project - Getting Jiggy With It\" width=\"950\" height=\"534\" src=\"https:\/\/www.youtube.com\/embed\/w7U6iBzcaV8?feature=oembed\" frameborder=\"0\" allow=\"accelerometer; autoplay; clipboard-write; encrypted-media; gyroscope; picture-in-picture; web-share\" referrerpolicy=\"strict-origin-when-cross-origin\" allowfullscreen><\/iframe>\n<\/div><\/figure>\n\n\n\n<div class=\"wp-block-cover alignfull\" style=\"padding-top:50px;padding-right:50px;padding-bottom:50px;padding-left:50px;min-height:316px\"><span aria-hidden=\"true\" class=\"wp-block-cover__background has-black-background-color has-background-dim-100 has-background-dim\"><\/span><div class=\"wp-block-cover__inner-container is-layout-flow wp-block-cover-is-layout-flow\">\n<p class=\"has-text-align-center has-large-font-size\"><\/p>\n<\/div><\/div>\n","protected":false},"excerpt":{"rendered":"<p>Jedina salsa \u0161kola u Zagrebu koja se specijalizira za NY stil salse (salsu na 2). Salsa Fusion studio je osnovan 2017. godine pod vodstvom Nata\u0161e Pavi\u0107evi\u0107. Cilj nam je stvaranje kompletnih (salsa) plesa\u010da fokusiraju\u0107i se na kvaliteti i dinamici pokreta, tehnici, muzikalnosti i razumijevanju glazbe. Nudimo te\u010dajeve salse &#8220;on 2&#8221; za po\u010detne, srednje i napredne &hellip; <\/p>\n<p class=\"link-more\"><a href=\"https:\/\/salsafusionstudio.com\/index.php\/about\/\" class=\"more-link\">Read more<span class=\"screen-reader-text\"> &#8220;O nama&#8221;<\/span><\/a><\/p>\n","protected":false},"author":1,"featured_media":73,"parent":0,"menu_order":0,"comment_status":"closed","ping_status":"closed","template":"","meta":{"footnotes":""},"_links":{"self":[{"href":"https:\/\/salsafusionstudio.com\/index.php\/wp-json\/wp\/v2\/pages\/29"}],"collection":[{"href":"https:\/\/salsafusionstudio.com\/index.php\/wp-json\/wp\/v2\/pages"}],"about":[{"href":"https:\/\/salsafusionstudio.com\/index.php\/wp-json\/wp\/v2\/types\/page"}],"author":[{"embeddable":true,"href":"https:\/\/salsafusionstudio.com\/index.php\/wp-json\/wp\/v2\/users\/1"}],"replies":[{"embeddable":true,"href":"https:\/\/salsafusionstudio.com\/index.php\/wp-json\/wp\/v2\/comments?post=29"}],"version-history":[{"count":17,"href":"https:\/\/salsafusionstudio.com\/index.php\/wp-json\/wp\/v2\/pages\/29\/revisions"}],"predecessor-version":[{"id":150,"href":"https:\/\/salsafusionstudio.com\/index.php\/wp-json\/wp\/v2\/pages\/29\/revisions\/150"}],"wp:featuredmedia":[{"embeddable":true,"href":"https:\/\/salsafusionstudio.com\/index.php\/wp-json\/wp\/v2\/media\/73"}],"wp:attachment":[{"href":"https:\/\/salsafusionstudio.com\/index.php\/wp-json\/wp\/v2\/media?parent=29"}],"curies":[{"name":"wp","href":"https:\/\/api.w.org\/{rel}","templated":true}]}}